{"id":17936,"date":"2022-01-21T11:27:50","date_gmt":"2022-01-21T02:27:50","guid":{"rendered":"https:\/\/kingpinstudio.net\/about-the-blog\/"},"modified":"2026-04-04T15:50:46","modified_gmt":"2026-04-04T18:50:46","slug":"%eb-b8%94-%eb-a1%9c-%ea-b7-%b8-ec-%86-8c-%ea-b0%9c","status":"publish","type":"page","link":"https:\/\/kingpinstudio.net\/en\/%eb-b8%94-%eb-a1%9c-%ea-b7-%b8-ec-%86-8c-%ea-b0%9c\/","title":{"rendered":"Introducing the Kingpinstudio blog!"},"content":{"rendered":"<h2 class=\"wp-block-heading  eplus-HXtCM4\" id=\"\uc81c-\ube14\ub85c\uadf8\ub97c-\uc18c\uac1c\ud569\ub2c8\ub2e4-2024\ub144-4\uc6d4-\uc5c5\ub370\uc774\ud2b8-\uc791\uc5c5\uc911\">Introducing my blog! &#8211; Working on an update for April 2024! <\/h2>\n<p class=\"eplus-rCjZje\">  This blog, KingpinStudio, mainly deals with games and IT, but it is my personal blog, so it contains everything about me. So, there are still the most reading reviews&#8230; but it is improving little by little. This blog introduction will also continue to improve as my blog develops.<\/p>\n\n<div style=\"height:100px\" aria-hidden=\"true\" class=\"wp-block-spacer eplus-5MtVuA\"><\/div>\n<h3 class=\"wp-block-heading eplus-eQDxCq\" id=\"\ube14\ub85c\uadf8\uc758-\ub300\ub7b5\uc801\uc778-\ubc29\ud5a5\">The general direction of the blog<\/h3>\n<p class=\" eplus-EL8fO5\">  First of all, the first direction of my blog is <strong>&#8216;writing everything about me&#8217;<\/strong> . My blog is a bit messy overall, and here&#8217;s why. Unlike the blogs I&#8217;ve run in the past, I&#8217;ve tried to minimize idle chatter and instead put everything about myself in this blog, so it&#8217;s become a messy blog with all sorts of things like book reviews, various items, WordPress , etc.   But it&#8217;s not like you&#8217;re just writing something out of nothing.<\/p>\n\n<p class=\" eplus-m5Sqea\">  The overall feel of my blog is 1. Games 2. IT 3. Self-development 4. Guitar.<\/p>\n\n<p class=\" eplus-G1J3JH\"> once the game. To be honest, I haven&#8217;t had much time to play games lately, so I&#8217;m in a slump, but I&#8217;m aiming to play games and write reviews. If I had more time, my goal is to make it on YouTube and do it like a game spot or IGN, but I&#8217;m still lacking in time and ability.<\/p>\n\n<p class=\" eplus-JHO6lW\">  IT is the most used part these days, and I originally had a lot of interest in the app itself, so I installed a lot of different things. So I&#8217;m writing about that little by little, and I also like WordPress ecosystem, so I&#8217;m using a lot of apps, and I&#8217;m writing about that part. It&#8217;s also the field that most people visit on my blog.  <\/p>\n\n<p class=\" eplus-ipLDFA\">  The self-development section is the section that I need to fill in the most in the future, so I&#8217;m writing about what I&#8217;ve read and what I&#8217;ve studied. Since I&#8217;ve prepared for and taken a few exams, I&#8217;ve written a lot about studying. Actually, studying-related content isn&#8217;t a field that many people come to. I don&#8217;t know if I&#8217;d write like a lecturer, but I&#8217;m not at that level&#8230; However, I&#8217;m writing for myself, and at first, I&#8217;ll just write about what I&#8217;ve studied, but I&#8217;m writing little by little with the thought that later, when I gain more knowledge, I&#8217;ll write about lectures.   <\/p>\n\n<p class=\" eplus-NvXRGP\">  In addition to this, there are some small reviews and things that I haven&#8217;t written yet but am preparing for potential. I think the overall number of articles is important, so I&#8217;m writing a lot of things here and there. I hope for better results&#8230;  <\/p>\n\n<div style=\"height:100px\" aria-hidden=\"true\" class=\"wp-block-spacer eplus-4cYVSb\"><\/div>\n<h3 class=\"wp-block-heading  eplus-4Ei5HC\" id=\"\ud604\uc7ac-\ube14\ub85c\uadf8-\uc6b4\uc601-\ub2e8\uacc4\">Current blog operation stage<\/h3>\n<p class=\" eplus-8osYZH\"> As I write the above writings, I am preparing to increase my personal productivity and putting it into practice little by little. I write in my own way, but I still do not feel that it is systematic, so I am writing systematically little by little and preparing to develop myself. Even if I am not writing right away, I am making progress little by little every day. I have to show you soon.<\/p>\n","protected":false},"excerpt":{"rendered":"<p>Introducing my blog! &#8211; Working on an update for April 2024! This blog, KingpinStudio, mainly deals with games and IT, but it is my personal blog, so it contains everything about me. So, there are still the most reading reviews&#8230; but it is improving little by little. This blog introduction will also continue to improve [&hellip;]<\/p>\n","protected":false},"author":1,"featured_media":0,"parent":0,"menu_order":0,"comment_status":"closed","ping_status":"closed","template":"","meta":{"_acf_changed":false,"_gspb_post_css":"","jetpack_post_was_ever_published":false,"footnotes":""},"class_list":["post-17936","page","type-page","status-publish","hentry"],"blocksy_meta":[],"acf":[],"jetpack-related-posts":[{"id":17937,"url":"https:\/\/kingpinstudio.net\/en\/","url_meta":{"origin":17936,"position":0},"title":"Blog Main Page","author":"MYIG","date":"2022\ub144 January 21\uc77c","format":false,"excerpt":"Latest Posts This is the latest post on my blog! Popular Posts Most popular posts in the last 30 days! Evergreen Posts Here are some of the verified Evergreen Posts collected on my blog! About Game A space dedicated to reviews of video games for smartphones and consoles, as well\u2026","rel":"","context":"Similar post","block_context":{"text":"Similar post","link":""},"img":{"alt_text":"","src":"","width":0,"height":0},"classes":[]},{"id":3515,"url":"https:\/\/kingpinstudio.net\/home\/","url_meta":{"origin":17936,"position":1},"title":"Blog Main Page","author":"MYIG","date":"2024\ub144 May 4\uc77c","format":false,"excerpt":"Latest Posts \uc81c \ube14\ub85c\uadf8\uc758 \ucd5c\uc2e0\uae00\uc785\ub2c8\ub2e4! Popular Posts \ucd5c\uadfc 30\uc77c \uae30\uc900 \uac00\uc7a5 \uc778\uae30 \uc788\ub294 \ud3ec\uc2a4\ud2b8\uc785\ub2c8\ub2e4! Evergreen Posts \uc81c \ube14\ub85c\uadf8\uc5d0\uc11c \uc5b4\ub290 \uc815\ub3c4 \uac80\uc99d\ub41c \uae00\ub4e4\uc744 \ubaa8\uc544\ub193\uc740 Evergreen Post\ub4e4\uc744 \uc18c\uac1c\ud569\ub2c8\ub2e4! About Game \uc2a4\ub9c8\ud2b8\ud3f0 \ubc0f \ucf58\uc194 \ub4f1 \ube44\ub514\uc624 \uac8c\uc784 \ub9ac\ubdf0 \ubc0f \uac8c\uc784\ud328\ub4dc \ub4f1 \uac8c\uc784 \uad00\ub828 \ubb3c\uac74\ub4e4 \ub4f1\uc5d0 \ub300\ud574\uc11c \uc801\uc740 \uacf5\uac04\uc785\ub2c8\ub2e4. About WordPress, blog \uc6cc\ub4dc\ud504\ub808\uc2a4 \ubc0f\u2026","rel":"","context":"Similar post","block_context":{"text":"Similar post","link":""},"img":{"alt_text":"","src":"","width":0,"height":0},"classes":[]},{"id":17964,"url":"https:\/\/kingpinstudio.net\/es\/%eb-b8%94-%eb-a1%9c-%ea-b7-%b8-ec-%86-8c-%ea-b0%9c\/","url_meta":{"origin":17936,"position":2},"title":"\u00a1Introducci\u00f3n al blog de Kingpinstudio!","author":"MYIG","date":"2022\ub144 January 21\uc77c","format":false,"excerpt":"\u00a1Presentamos mi blog! - \u00a1Trabajando en la actualizaci\u00f3n para abril de 2024! Este blog, KingpinStudio, se centra en juegos y TI, pero como es mi blog personal, contiene todo sobre m\u00ed. As\u00ed que todav\u00eda son las rese\u00f1as m\u00e1s le\u00eddas... pero va mejorando poco a poco. La introducci\u00f3n de este blog\u2026","rel":"","context":"Similar post","block_context":{"text":"Similar post","link":""},"img":{"alt_text":"","src":"","width":0,"height":0},"classes":[]},{"id":5664,"url":"https:\/\/kingpinstudio.net\/%eb%b8%94%eb%a1%9c%ea%b7%b8-%ec%86%8c%ea%b0%9c\/","url_meta":{"origin":17936,"position":3},"title":"Kingpinstudio \ube14\ub85c\uadf8 \uc18c\uac1c!","author":"MYIG","date":"2019\ub144 March 8\uc77c","format":false,"excerpt":"\uc81c \ube14\ub85c\uadf8\ub97c \uc18c\uac1c\ud569\ub2c8\ub2e4! - 2024\ub144 4\uc6d4 \uc5c5\ub370\uc774\ud2b8 \uc791\uc5c5\uc911! \uc774 \ube14\ub85c\uadf8 KingpinStudio\ub294 \uac8c\uc784, IT\ub97c \uc704\uc8fc\ub85c \ub2e4\ub8e8\uc9c0\ub9cc \uc77c\ub2e8 \uc81c \uac1c\uc778\uc801\uc778 \ube14\ub85c\uadf8\uc774\ub2c8 \uc800\uc5d0 \ub300\ud55c \ubaa8\ub4e0 \uac83\uc744 \ub2f4\ub294 \ube14\ub85c\uadf8\uc785\ub2c8\ub2e4. \uadf8\ub798\uc11c \uc544\uc9c1\uc740 \ub3c5\ud6c4\uac10\uc774 \uac00\uc7a5 \ub9ce\uc2b5\ub2c8\ub2e4...\ub9cc \uc870\uae08\uc529 \uac1c\uc120 \uc911\uc785\ub2c8\ub2e4. \uc774 \ube14\ub85c\uadf8 \uc18c\uac1c \uc5ed\uc2dc \uc81c \ube14\ub85c\uadf8\uac00 \ubc1c\uc804\ud568\uc5d0 \ub530\ub77c \uacc4\uc18d \uac1c\uc120\ub429\ub2c8\ub2e4. \ube14\ub85c\uadf8\uc758 \ub300\ub7b5\uc801\uc778 \ubc29\ud5a5 \uc77c\ub2e8 \uc81c \ube14\ub85c\uadf8\uc758 \uccab\ubc88\uc9f8\u2026","rel":"","context":"Similar post","block_context":{"text":"Similar post","link":""},"img":{"alt_text":"","src":"","width":0,"height":0},"classes":[]},{"id":2,"url":"https:\/\/kingpinstudio.net\/about-us\/","url_meta":{"origin":17936,"position":4},"title":"About Us","author":"MYIG","date":"2023\ub144 November 10\uc77c","format":false,"excerpt":"0 Orci at egestas amet pellentesque mi mattis. Sem eget posuere risus ut leo adipiscing dolor dictumst consectetur integer neque. 0 Diam ut venenatis tellus in metus vulputate scelerisque. Urna id volutpat lacus laoreet non. Non quam lacus suspendisse faucibus interdum. 0 Vestibulum rhoncus est pellentesque elit ullamcor perorta non\u2026","rel":"","context":"Similar post","block_context":{"text":"Similar post","link":""},"img":{"alt_text":"","src":"https:\/\/i0.wp.com\/kingpinstudio.net\/wp-content\/uploads\/2023\/11\/about-us-team.webp?resize=350%2C200&ssl=1","width":350,"height":200,"srcset":"https:\/\/i0.wp.com\/kingpinstudio.net\/wp-content\/uploads\/2023\/11\/about-us-team.webp?resize=350%2C200&ssl=1 1x, https:\/\/i0.wp.com\/kingpinstudio.net\/wp-content\/uploads\/2023\/11\/about-us-team.webp?resize=525%2C300&ssl=1 1.5x, https:\/\/i0.wp.com\/kingpinstudio.net\/wp-content\/uploads\/2023\/11\/about-us-team.webp?resize=700%2C400&ssl=1 2x, https:\/\/i0.wp.com\/kingpinstudio.net\/wp-content\/uploads\/2023\/11\/about-us-team.webp?resize=1050%2C600&ssl=1 3x, https:\/\/i0.wp.com\/kingpinstudio.net\/wp-content\/uploads\/2023\/11\/about-us-team.webp?resize=1400%2C800&ssl=1 4x"},"classes":[]},{"id":18139,"url":"https:\/\/kingpinstudio.net\/%ea%b0%9c%ec%9d%b8-%ec%a0%95%eb%b3%b4-%eb%b3%b4%ed%98%b8-%ec%a0%95%ec%b1%85\/","url_meta":{"origin":17936,"position":5},"title":"\uac1c\uc778 \uc815\ubcf4 \ubcf4\ud638 \uc815\ucc45","author":"MYIG","date":"2022\ub144 January 23\uc77c","format":false,"excerpt":"\ud68c\uc0ac \uc18c\uac1c \uc81c\uc548\ub41c \ud14d\uc2a4\ud2b8: \uc6f9\uc0ac\uc774\ud2b8 \uc8fc\uc18c: https:\/\/kingpinstudio.net \ub313\uae00 \uc81c\uc548\ub41c \ud14d\uc2a4\ud2b8: \ubc29\ubb38\uc790\uac00 \uc0ac\uc774\ud2b8\uc5d0\uc11c \ub313\uae00\uc744 \ub0a8\uae30\uba74 \uc2a4\ud338 \uac10\uc9c0\ub97c \uc704\ud574 \ub313\uae00 \ud3fc\uc5d0 \ubcf4\uc5ec\uc9c0\ub294 \ub370\uc774\ud130, \ubc29\ubb38\uc790\uc758 IP \uc8fc\uc18c, \ube0c\ub77c\uc6b0\uc800 \uc0ac\uc6a9\uc790 \uc5d0\uc774\uc804\ud2b8 \uc2a4\ud2b8\ub9c1\uc744 \uc218\uc9d1\ud569\ub2c8\ub2e4. \ubbf8\ub514\uc5b4 \uc81c\uc548\ub41c \ud14d\uc2a4\ud2b8: \uc6f9\uc0ac\uc774\ud2b8\uc5d0 \uc774\ubbf8\uc9c0\ub97c \uc5c5\ub85c\ub4dc\ud560 \uacbd\uc6b0 \uc784\ubca0\ub4dc(embed) \uc704\uce58 \ub370\uc774\ud130(EXIF GPS)\uac00 \uc788\ub294 \uc774\ubbf8\uc9c0 \uc5c5\ub85c\ub4dc\ub97c \ud53c\ud574\uc57c \ud569\ub2c8\ub2e4. \uc6f9\uc0ac\uc774\ud2b8 \ubc29\ubb38\uc790\ub294 \uc6f9\uc0ac\uc774\ud2b8\uc758 \uc774\ubbf8\uc9c0\ub85c\ubd80\ud130 \ubaa8\ub4e0\u2026","rel":"","context":"Similar post","block_context":{"text":"Similar post","link":""},"img":{"alt_text":"","src":"","width":0,"height":0},"classes":[]}],"jetpack_likes_enabled":true,"jetpack_sharing_enabled":true,"_links":{"self":[{"href":"https:\/\/kingpinstudio.net\/en\/wp-json\/wp\/v2\/pages\/17936","targetHints":{"allow":["GET"]}}],"collection":[{"href":"https:\/\/kingpinstudio.net\/en\/wp-json\/wp\/v2\/pages"}],"about":[{"href":"https:\/\/kingpinstudio.net\/en\/wp-json\/wp\/v2\/types\/page"}],"author":[{"embeddable":true,"href":"https:\/\/kingpinstudio.net\/en\/wp-json\/wp\/v2\/users\/1"}],"replies":[{"embeddable":true,"href":"https:\/\/kingpinstudio.net\/en\/wp-json\/wp\/v2\/comments?post=17936"}],"version-history":[{"count":1,"href":"https:\/\/kingpinstudio.net\/en\/wp-json\/wp\/v2\/pages\/17936\/revisions"}],"predecessor-version":[{"id":67373,"href":"https:\/\/kingpinstudio.net\/en\/wp-json\/wp\/v2\/pages\/17936\/revisions\/67373"}],"wp:attachment":[{"href":"https:\/\/kingpinstudio.net\/en\/wp-json\/wp\/v2\/media?parent=17936"}],"curies":[{"name":"wp","href":"https:\/\/api.w.org\/{rel}","templated":true}]}}