{"id":17938,"date":"2022-01-21T11:27:52","date_gmt":"2022-01-21T02:27:52","guid":{"rendered":"https:\/\/kingpinstudio.net\/contact-me\/"},"modified":"2026-03-21T03:26:01","modified_gmt":"2026-03-21T06:26:01","slug":"contact-me","status":"publish","type":"page","link":"https:\/\/kingpinstudio.net\/en\/contact-me\/","title":{"rendered":"Contact Me"},"content":{"rendered":"<div class=\"wp-block-jetpack-contact-form is-layout-flex wp-container-jetpack-contact-form-is-layout-2b4208ba wp-block-jetpack-contact-form-is-layout-flex\"><a href=\"https:\/\/kingpinstudio.net\/en\/contact-me\/\" target=\"_blank\" rel=\"noopener noreferrer\">Submit a form.<\/a><\/div>","protected":false},"excerpt":{"rendered":"","protected":false},"author":1,"featured_media":0,"parent":0,"menu_order":0,"comment_status":"closed","ping_status":"closed","template":"","meta":{"_acf_changed":false,"_gspb_post_css":"","jetpack_post_was_ever_published":false,"footnotes":""},"class_list":["post-17938","page","type-page","status-publish","hentry"],"blocksy_meta":[],"acf":[],"jetpack-related-posts":[{"id":6094,"url":"https:\/\/kingpinstudio.net\/contact-me\/","url_meta":{"origin":17938,"position":0},"title":"Contact Me","author":"MYIG","date":"2019\ub144 March 18\uc77c","format":false,"excerpt":"","rel":"","context":"Similar post","block_context":{"text":"Similar post","link":""},"img":{"alt_text":"","src":"","width":0,"height":0},"classes":[]},{"id":37731,"url":"https:\/\/kingpinstudio.net\/contact\/","url_meta":{"origin":17938,"position":1},"title":"Contact","author":"MYIG","date":"2023\ub144 November 10\uc77c","format":false,"excerpt":"Get in touch Accumsan in nisl nisi scelerisque eu. Porttitor leo a diam sollicitudin tempor pharetra massa massa ultricies quam pellentesque nec nam aliquam. Our offices Washington Address: Rockville Ave. Greenville, Washington 27834Phone: (459) 734-3455Email: email@company.com London Address: Smoky Hollow St. Sulphur, London 70663Phone: (459) 734-3455Email: email@company.com Business hours Monday\u2026","rel":"","context":"Similar post","block_context":{"text":"Similar post","link":""},"img":{"alt_text":"","src":"","width":0,"height":0},"classes":[]},{"id":17964,"url":"https:\/\/kingpinstudio.net\/es\/%eb-b8%94-%eb-a1%9c-%ea-b7-%b8-ec-%86-8c-%ea-b0%9c\/","url_meta":{"origin":17938,"position":2},"title":"\u00a1Introducci\u00f3n al blog de Kingpinstudio!","author":"MYIG","date":"2022\ub144 January 21\uc77c","format":false,"excerpt":"\u00a1Presentamos mi blog! - \u00a1Trabajando en la actualizaci\u00f3n para abril de 2024! Este blog, KingpinStudio, se centra en juegos y TI, pero como es mi blog personal, contiene todo sobre m\u00ed. As\u00ed que todav\u00eda son las rese\u00f1as m\u00e1s le\u00eddas... pero va mejorando poco a poco. La introducci\u00f3n de este blog\u2026","rel":"","context":"Similar post","block_context":{"text":"Similar post","link":""},"img":{"alt_text":"","src":"","width":0,"height":0},"classes":[]},{"id":17936,"url":"https:\/\/kingpinstudio.net\/en\/%eb-b8%94-%eb-a1%9c-%ea-b7-%b8-ec-%86-8c-%ea-b0%9c\/","url_meta":{"origin":17938,"position":3},"title":"Introducing the Kingpinstudio blog!","author":"MYIG","date":"2022\ub144 January 21\uc77c","format":false,"excerpt":"Introducing my blog! - Working on an update for April 2024! This blog, KingpinStudio, mainly deals with games and IT, but it is my personal blog, so it contains everything about me. So, there are still the most reading reviews... but it is improving little by little. This blog introduction\u2026","rel":"","context":"Similar post","block_context":{"text":"Similar post","link":""},"img":{"alt_text":"","src":"","width":0,"height":0},"classes":[]}],"jetpack_likes_enabled":true,"jetpack_sharing_enabled":true,"_links":{"self":[{"href":"https:\/\/kingpinstudio.net\/en\/wp-json\/wp\/v2\/pages\/17938","targetHints":{"allow":["GET"]}}],"collection":[{"href":"https:\/\/kingpinstudio.net\/en\/wp-json\/wp\/v2\/pages"}],"about":[{"href":"https:\/\/kingpinstudio.net\/en\/wp-json\/wp\/v2\/types\/page"}],"author":[{"embeddable":true,"href":"https:\/\/kingpinstudio.net\/en\/wp-json\/wp\/v2\/users\/1"}],"replies":[{"embeddable":true,"href":"https:\/\/kingpinstudio.net\/en\/wp-json\/wp\/v2\/comments?post=17938"}],"version-history":[{"count":1,"href":"https:\/\/kingpinstudio.net\/en\/wp-json\/wp\/v2\/pages\/17938\/revisions"}],"predecessor-version":[{"id":67542,"href":"https:\/\/kingpinstudio.net\/en\/wp-json\/wp\/v2\/pages\/17938\/revisions\/67542"}],"wp:attachment":[{"href":"https:\/\/kingpinstudio.net\/en\/wp-json\/wp\/v2\/media?parent=17938"}],"curies":[{"name":"wp","href":"https:\/\/api.w.org\/{rel}","templated":true}]}}