{"id":17964,"date":"2022-01-21T11:49:10","date_gmt":"2022-01-21T02:49:10","guid":{"rendered":"https:\/\/kingpinstudio.net\/sobre-el-blog\/"},"modified":"2026-04-04T15:50:47","modified_gmt":"2026-04-04T18:50:47","slug":"%eb-b8%94-%eb-a1%9c-%ea-b7-%b8-ec-%86-8c-%ea-b0%9c","status":"publish","type":"page","link":"https:\/\/kingpinstudio.net\/es\/%eb-b8%94-%eb-a1%9c-%ea-b7-%b8-ec-%86-8c-%ea-b0%9c\/","title":{"rendered":"\u00a1Introducci\u00f3n al blog de Kingpinstudio!"},"content":{"rendered":"<h2 class=\"wp-block-heading  eplus-HXtCM4\" id=\"\uc81c-\ube14\ub85c\uadf8\ub97c-\uc18c\uac1c\ud569\ub2c8\ub2e4-2024\ub144-4\uc6d4-\uc5c5\ub370\uc774\ud2b8-\uc791\uc5c5\uc911\">\u00a1Presentamos mi blog! &#8211; \u00a1Trabajando en la actualizaci\u00f3n para abril de 2024! <\/h2>\n<p class=\"eplus-rCjZje\">  Este blog, KingpinStudio, se centra en juegos y TI, pero como es mi blog personal, contiene todo sobre m\u00ed. As\u00ed que todav\u00eda son las rese\u00f1as m\u00e1s le\u00eddas&#8230; pero va mejorando poco a poco. La introducci\u00f3n de este blog tambi\u00e9n seguir\u00e1 mejorando a medida que mi blog evolucione.<\/p>\n\n<div style=\"height:100px\" aria-hidden=\"true\" class=\"wp-block-spacer eplus-5MtVuA\"><\/div>\n<h3 class=\"wp-block-heading eplus-eQDxCq\" id=\"\ube14\ub85c\uadf8\uc758-\ub300\ub7b5\uc801\uc778-\ubc29\ud5a5\">Direcci\u00f3n general del blog.<\/h3>\n<p class=\" eplus-EL8fO5\">  En primer lugar, la primera direcci\u00f3n de mi blog es <strong>\"escribir todo sobre m\u00ed\".<\/strong> Mi blog en su conjunto est\u00e1 un poco desordenado y este es el motivo. A diferencia de los blogs que ejecut\u00e9 en el pasado, mi blog esta vez tiene una charla m\u00ednima, pero en lugar de eso, trat\u00e9 de poner todo sobre m\u00ed en \u00e9l, por lo que termin\u00f3 siendo un blog variado con todo tipo de cosas, incluyendo informes de libros, varios art\u00edculos. y WordPress .   Pero no es como si estuvieras escribiendo algo de la nada.<\/p>\n\n<p class=\" eplus-m5Sqea\">  La sensaci\u00f3n general de mi blog es 1. Juegos 2. TI 3. Autodesarrollo 4. Guitarra.<\/p>\n\n<p class=\" eplus-G1J3JH\"> una vez el juego. Para ser honesto, no tengo tiempo para jugar estos d\u00edas, as\u00ed que soy lento, pero mi objetivo es jugar y publicar una rese\u00f1a. Si tuviera m\u00e1s tiempo, mi objetivo es hacerlo en YouTube y hacerlo como un anuncio de juego o IGN, pero todav\u00eda me falta tiempo y habilidad.<\/p>\n\n<p class=\" eplus-JHO6lW\">  Es algo que uso m\u00e1s hoy en d\u00eda y originalmente estaba interesado en las aplicaciones en s\u00ed, as\u00ed que instal\u00e9 muchas de ellas. Entonces, estoy escribiendo sobre eso poco a poco. Tambi\u00e9n me gusta WordPress , as\u00ed que uso muchas aplicaciones y lo estoy poniendo por escrito. Esta es tambi\u00e9n el \u00e1rea donde m\u00e1s gente viene a mi blog.  <\/p>\n\n<p class=\" eplus-ipLDFA\">  La parte de autodesarrollo es la parte que m\u00e1s hay que llenar en el futuro, y estoy anotando lo que he le\u00eddo y lo que he estudiado. Como hab\u00eda algunos ex\u00e1menes para los que me estaba preparando o tomando, escrib\u00ed muchos art\u00edculos relacionados con el estudio. De hecho, el contenido relacionado con el estudio no es un \u00e1rea al que acuda mucha gente. No s\u00e9 si escribo en un estilo completamente de conferencia, pero no es a ese nivel&#8230; Pero tambi\u00e9n escribo para m\u00ed, y al principio termino simplemente anotando lo que estudi\u00e9, pero luego, a medida que mis conocimientos Se acumula, lo escribir\u00e9 como una conferencia. Esto lo voy escribiendo poco a poco.   <\/p>\n\n<p class=\" eplus-NvXRGP\">  Aparte de esto, hay peque\u00f1as rese\u00f1as y cosas que a\u00fan no he escrito pero que potencialmente estoy preparando. En primer lugar, creo que el n\u00famero total de art\u00edculos es importante, por eso escribo mucho de esto y aquello. Espero mejores resultados&#8230;  <\/p>\n\n<div style=\"height:100px\" aria-hidden=\"true\" class=\"wp-block-spacer eplus-4cYVSb\"><\/div>\n<h3 class=\"wp-block-heading  eplus-4Ei5HC\" id=\"\ud604\uc7ac-\ube14\ub85c\uadf8-\uc6b4\uc601-\ub2e8\uacc4\">Etapa actual de operaci\u00f3n del blog.<\/h3>\n<p class=\" eplus-8osYZH\"> Mientras escribo los escritos anteriores, me estoy preparando para aumentar mi productividad personal y ponerla en pr\u00e1ctica poco a poco. Escribo a mi manera, pero todav\u00eda no siento que sea sistem\u00e1tico, entonces estoy escribiendo sistem\u00e1ticamente poco a poco y prepar\u00e1ndome para desarrollarme. Incluso si no estoy escribiendo de inmediato, estoy progresando poco a poco todos los d\u00edas. Tengo que mostrarte pronto.<\/p>\n","protected":false},"excerpt":{"rendered":"<p>\u00a1Presentamos mi blog! &#8211; \u00a1Trabajando en la actualizaci\u00f3n para abril de 2024! Este blog, KingpinStudio, se centra en juegos y TI, pero como es mi blog personal, contiene todo sobre m\u00ed. As\u00ed que todav\u00eda son las rese\u00f1as m\u00e1s le\u00eddas&#8230; pero va mejorando poco a poco. La introducci\u00f3n de este blog tambi\u00e9n seguir\u00e1 mejorando a medida [&hellip;]<\/p>\n","protected":false},"author":1,"featured_media":0,"parent":0,"menu_order":0,"comment_status":"closed","ping_status":"closed","template":"","meta":{"_acf_changed":false,"_gspb_post_css":"","jetpack_post_was_ever_published":false,"footnotes":""},"class_list":["post-17964","page","type-page","status-publish","hentry"],"blocksy_meta":[],"acf":[],"jetpack-related-posts":[{"id":17937,"url":"https:\/\/kingpinstudio.net\/en\/home\/","url_meta":{"origin":17964,"position":0},"title":"Blog Main Page","author":"MYIG","date":"21 de enero de 2022","format":false,"excerpt":"Latest Posts This is the latest post on my blog! Popular Posts Most popular posts in the last 30 days! Evergreen Posts Here are some of the verified Evergreen Posts collected on my blog! About Game A space dedicated to reviews of video games for smartphones and consoles, as well\u2026","rel":"","context":"Entrada similar","block_context":{"text":"Entrada similar","link":""},"img":{"alt_text":"","src":"","width":0,"height":0},"classes":[]},{"id":17936,"url":"https:\/\/kingpinstudio.net\/en\/%eb-b8%94-%eb-a1%9c-%ea-b7-%b8-ec-%86-8c-%ea-b0%9c\/","url_meta":{"origin":17964,"position":1},"title":"Introducing the Kingpinstudio blog!","author":"MYIG","date":"21 de enero de 2022","format":false,"excerpt":"Introducing my blog! - Working on an update for April 2024! This blog, KingpinStudio, mainly deals with games and IT, but it is my personal blog, so it contains everything about me. So, there are still the most reading reviews... but it is improving little by little. This blog introduction\u2026","rel":"","context":"Entrada similar","block_context":{"text":"Entrada similar","link":""},"img":{"alt_text":"","src":"","width":0,"height":0},"classes":[]},{"id":37731,"url":"https:\/\/kingpinstudio.net\/contact\/","url_meta":{"origin":17964,"position":2},"title":"Contact","author":"MYIG","date":"10 de noviembre de 2023","format":false,"excerpt":"Get in touch Accumsan in nisl nisi scelerisque eu. Porttitor leo a diam sollicitudin tempor pharetra massa massa ultricies quam pellentesque nec nam aliquam. Our offices Washington Address: Rockville Ave. Greenville, Washington 27834Phone: (459) 734-3455Email: email@company.com London Address: Smoky Hollow St. Sulphur, London 70663Phone: (459) 734-3455Email: email@company.com Business hours Monday\u2026","rel":"","context":"Entrada similar","block_context":{"text":"Entrada similar","link":""},"img":{"alt_text":"","src":"","width":0,"height":0},"classes":[]}],"jetpack_likes_enabled":true,"jetpack_sharing_enabled":true,"_links":{"self":[{"href":"https:\/\/kingpinstudio.net\/es\/wp-json\/wp\/v2\/pages\/17964","targetHints":{"allow":["GET"]}}],"collection":[{"href":"https:\/\/kingpinstudio.net\/es\/wp-json\/wp\/v2\/pages"}],"about":[{"href":"https:\/\/kingpinstudio.net\/es\/wp-json\/wp\/v2\/types\/page"}],"author":[{"embeddable":true,"href":"https:\/\/kingpinstudio.net\/es\/wp-json\/wp\/v2\/users\/1"}],"replies":[{"embeddable":true,"href":"https:\/\/kingpinstudio.net\/es\/wp-json\/wp\/v2\/comments?post=17964"}],"version-history":[{"count":1,"href":"https:\/\/kingpinstudio.net\/es\/wp-json\/wp\/v2\/pages\/17964\/revisions"}],"predecessor-version":[{"id":67374,"href":"https:\/\/kingpinstudio.net\/es\/wp-json\/wp\/v2\/pages\/17964\/revisions\/67374"}],"wp:attachment":[{"href":"https:\/\/kingpinstudio.net\/es\/wp-json\/wp\/v2\/media?parent=17964"}],"curies":[{"name":"wp","href":"https:\/\/api.w.org\/{rel}","templated":true}]}}